{"id":7868,"date":"2020-01-07T14:12:01","date_gmt":"2020-01-07T07:12:01","guid":{"rendered":"https:\/\/koueitrading.com\/vn\/?page_id=7868"},"modified":"2025-09-28T16:49:03","modified_gmt":"2025-09-28T09:49:03","slug":"about-us-2","status":"publish","type":"page","link":"https:\/\/koueitrading.com\/vn\/about-us-2\/","title":{"rendered":"Kouei Japan Trading Co., Ltd."},"content":{"rendered":"\r\n<p><strong>T\u1ea7m nh\u00ecn<\/strong><br \/>Tr\u1edf th\u00e0nh c\u00f4ng ty th\u01b0\u01a1ng m\u1ea1i c\u00f3 \u0111\u00f3ng g\u00f3p l\u1edbn cho ng\u00e0nh s\u1ea3n xu\u1ea5t t\u1ea1i ch\u00e2u \u00c1.<\/p>\r\n\r\n\r\n\r\n<p><strong>S\u1ee9 m\u1ec7nh<\/strong><br \/>\u0110\u00f3ng g\u00f3p v\u00e0o s\u1ef1 ph\u00e1t tri\u1ec3n c\u1ee7a ch\u00e2u \u00c1 b\u1eb1ng vi\u1ec7c cung c\u1ea5p c\u00e1c s\u1ea3n ph\u1ea9m c\u00f3 ch\u1ea5t l\u01b0\u1ee3ng t\u1ed1t.<\/p>\r\n\r\n\r\n\r\n\r\n\r\n<p>Ch\u00fang t\u00f4i l\u00e0 c\u00f4ng ty th\u01b0\u01a1ng m\u1ea1i c\u1ee7a Nh\u1eadt B\u1ea3n chuy\u00ean kinh doanh nhi\u1ec1u lo\u1ea1i v\u1eadt li\u1ec7u, d\u1ee5ng c\u1ee5 v\u00e0 thi\u1ebft b\u1ecb th\u00e9p. T\u1ea7m nh\u00ecn c\u1ee7a ch\u00fang t\u00f4i l\u00e0 cung c\u1ea5p c\u00e1c s\u1ea3n ph\u1ea9m ch\u1ea5t l\u01b0\u1ee3ng cao v\u00e0 gi\u1ea3i quy\u1ebft v\u1ea5n \u0111\u1ec1 cho c\u00e1c qu\u1ed1c gia \u0110\u00f4ng Nam \u00c1 th\u00f4ng qua kinh doanh v\u00e0 k\u1ebft n\u1ed1i m\u1ecdi ng\u01b0\u1eddi (c\u00e1c c\u00f4ng ty).<\/p>\r\n\r\n\r\n\r\n<p>Ch\u00fang t\u00f4i b\u00e1n nhi\u1ec1u lo\u1ea1i v\u1eadt li\u1ec7u v\u00e0 c\u00f4ng c\u1ee5 cho c\u00e1c c\u00f4ng ty \u1edf Myanmar, Vi\u1ec7t Nam, Th\u00e1i Lan, Bangladesh, v.v. S\u1ea3n ph\u1ea9m ch\u1ee7 y\u1ebfu c\u1ee7a ch\u00fang t\u00f4i \u0111\u01b0\u1ee3c s\u1ea3n xu\u1ea5t t\u1ea1i Nh\u1eadt B\u1ea3n v\u00e0 s\u1ea3n xu\u1ea5t t\u1ea1i Vi\u1ec7t Nam. Ch\u00fang t\u00f4i t\u1eadp trung v\u00e0o Nh\u00e0 m\u00e1y th\u00e9p, X\u00e2y d\u1ef1ng C\u1ea7u, X\u00e2y d\u1ef1ng C\u1ea3ng v\u00e0 X\u00e2y d\u1ef1ng Nh\u00e0 m\u00e1y.<\/p>\r\n","protected":false},"excerpt":{"rendered":"T\u1ea7m nh\u00ecnTr\u1edf th\u00e0nh c\u00f4ng ty th\u01b0\u01a1ng m\u1ea1i c\u00f3 \u0111\u00f3ng g\u00f3p l\u1edbn cho ng\u00e0nh s\u1ea3n xu\u1ea5t t\u1ea1i ch\u00e2u \u00c1. S\u1ee9 m\u1ec7nh\u0110\u00f3ng g\u00f3p v\u00e0o s\u1ef1 ph\u00e1t tri\u1ec3n c\u1ee7a ch\u00e2u \u00c1 b\u1eb1ng vi\u1ec7c cung c\u1ea5p c\u00e1c s\u1ea3n ph\u1ea9m c\u00f3 ch\u1ea5t l\u01b0\u1ee3ng t\u1ed1t. Ch\u00fang t\u00f4i l\u00e0 c\u00f4ng ty th\u01b0\u01a1ng m\u1ea1i c\u1ee7a Nh\u1eadt B\u1ea3n chuy\u00ean kinh doanh nhi\u1ec1u lo\u1ea1i v\u1eadt [&hellip;]","protected":false},"author":5,"featured_media":0,"parent":0,"menu_order":0,"comment_status":"closed","ping_status":"closed","template":"page-co-noside.php","meta":{"footnotes":""},"class_list":["post-7868","page","type-page","status-publish","hentry"],"aioseo_notices":[],"jetpack_sharing_enabled":true,"_links":{"self":[{"href":"https:\/\/koueitrading.com\/vn\/wp-json\/wp\/v2\/pages\/7868","targetHints":{"allow":["GET"]}}],"collection":[{"href":"https:\/\/koueitrading.com\/vn\/wp-json\/wp\/v2\/pages"}],"about":[{"href":"https:\/\/koueitrading.com\/vn\/wp-json\/wp\/v2\/types\/page"}],"author":[{"embeddable":true,"href":"https:\/\/koueitrading.com\/vn\/wp-json\/wp\/v2\/users\/5"}],"replies":[{"embeddable":true,"href":"https:\/\/koueitrading.com\/vn\/wp-json\/wp\/v2\/comments?post=7868"}],"version-history":[{"count":3,"href":"https:\/\/koueitrading.com\/vn\/wp-json\/wp\/v2\/pages\/7868\/revisions"}],"predecessor-version":[{"id":56266,"href":"https:\/\/koueitrading.com\/vn\/wp-json\/wp\/v2\/pages\/7868\/revisions\/56266"}],"wp:attachment":[{"href":"https:\/\/koueitrading.com\/vn\/wp-json\/wp\/v2\/media?parent=7868"}],"curies":[{"name":"wp","href":"https:\/\/api.w.org\/{rel}","templated":true}]}}